{"id":2037,"date":"2024-03-22T12:07:13","date_gmt":"2024-03-22T11:07:13","guid":{"rendered":"https:\/\/grupocasmar.es\/group\/"},"modified":"2025-12-17T12:12:42","modified_gmt":"2025-12-17T11:12:42","slug":"group","status":"publish","type":"page","link":"https:\/\/grupocasmar.es\/en\/group\/","title":{"rendered":"Group"},"content":{"rendered":"\t\t<div data-elementor-type=\"wp-page\" data-elementor-id=\"2037\" class=\"elementor elementor-2037 elementor-359\" data-elementor-post-type=\"page\">\n\t\t\t\t<div class=\"elementor-element elementor-element-8b180e2 e-con-full e-flex e-con e-parent\" data-id=\"8b180e2\" data-element_type=\"container\">\n\t\t\t\t<div class=\"elementor-element elementor-element-e62603c elementor-widget elementor-widget-template\" data-id=\"e62603c\" data-element_type=\"widget\" data-widget_type=\"template.default\">\n\t\t\t\t<div class=\"elementor-widget-container\">\n\t\t\t\t\t\t\t<div class=\"elementor-template\">\n\t\t\t\t\t<div data-elementor-type=\"container\" data-elementor-id=\"2163\" class=\"elementor elementor-2163 elementor-631\" data-elementor-post-type=\"elementor_library\">\n\t\t\t\t<div class=\"elementor-element elementor-element-5f8bdb7f e-flex e-con-boxed e-con e-parent\" data-id=\"5f8bdb7f\" data-element_type=\"container\" data-settings=\"{&quot;background_background&quot;:&quot;gradient&quot;}\">\n\t\t\t\t\t<div class=\"e-con-inner\">\n\t\t\t\t<div class=\"elementor-element elementor-element-11238777 elementor-widget elementor-widget-heading\" data-id=\"11238777\" data-element_type=\"widget\" data-widget_type=\"heading.default\">\n\t\t\t\t<div class=\"elementor-widget-container\">\n\t\t\t\t\t<h1 class=\"elementor-heading-title elementor-size-default\">Group<\/h1>\t\t\t\t<\/div>\n\t\t\t\t<\/div>\n\t\t\t\t<div class=\"elementor-element elementor-element-3039c309 elementor-align-center elementor-widget elementor-widget-breadcrumbs\" data-id=\"3039c309\" data-element_type=\"widget\" data-widget_type=\"breadcrumbs.default\">\n\t\t\t\t<div class=\"elementor-widget-container\">\n\t\t\t\t\t<p id=\"breadcrumbs\"><span><span><a href=\"https:\/\/grupocasmar.es\/en\/home\/\">Home<\/a><\/span><\/span><\/p>\t\t\t\t<\/div>\n\t\t\t\t<\/div>\n\t\t\t\t\t<\/div>\n\t\t\t\t<\/div>\n\t\t\t\t<\/div>\n\t\t\t\t<\/div>\n\t\t\t\t\t\t<\/div>\n\t\t\t\t<\/div>\n\t\t\t\t<\/div>\n\t\t<div class=\"elementor-element elementor-element-d8f3e4f e-con-full e-flex e-con e-child\" data-id=\"d8f3e4f\" data-element_type=\"container\">\n\t\t<div class=\"elementor-element elementor-element-c65cc72 e-con-full e-flex e-con e-child\" data-id=\"c65cc72\" data-element_type=\"container\">\n\t\t\t\t<div class=\"elementor-element elementor-element-ee4183e elementor-widget__width-initial elementor-widget elementor-widget-heading\" data-id=\"ee4183e\" data-element_type=\"widget\" data-widget_type=\"heading.default\">\n\t\t\t\t<div class=\"elementor-widget-container\">\n\t\t\t\t\t<h2 class=\"elementor-heading-title elementor-size-default\">Casmar Group<\/h2>\t\t\t\t<\/div>\n\t\t\t\t<\/div>\n\t\t\t\t<div class=\"elementor-element elementor-element-e5fb499 elementor-widget__width-initial elementor-widget elementor-widget-heading\" data-id=\"e5fb499\" data-element_type=\"widget\" data-widget_type=\"heading.default\">\n\t\t\t\t<div class=\"elementor-widget-container\">\n\t\t\t\t\t<h3 class=\"elementor-heading-title elementor-size-default\">A brief summary for a great story.<\/h3>\t\t\t\t<\/div>\n\t\t\t\t<\/div>\n\t\t\t\t<div class=\"elementor-element elementor-element-8696771 elementor-widget__width-initial elementor-widget elementor-widget-text-editor\" data-id=\"8696771\" data-element_type=\"widget\" data-widget_type=\"text-editor.default\">\n\t\t\t\t<div class=\"elementor-widget-container\">\n\t\t\t\t\t\t\t\t\t<p>The CASMAR GROUP has located its facilities in the &#8220;PAULES&#8221; Industrial Estate in Monz\u00f3n (Huesca), plots 40, 41 and 42, where the workshops of Castill\u00f3n Mart\u00ednez, S.L. and MECIME, S.L. are located. On plot 70 of the same industrial estate is Talleres SOPENA S.A., and Talleres Fidel Cortes S.L. on Calle Jos\u00e9 Mar\u00eda Pe\u00f1aranda, 44.<\/p><p>In 1988, Ram\u00f3n Castill\u00f3n Buil and Adri\u00e1n Mart\u00ednez Oncins, with extensive experience in the world of metal constructions, decided to join forces and found Castill\u00f3n Mart\u00ednez S.L. The beginnings were very hard, in facilities next to the N-240 that barely covered the needs of the small human group that started there. Despite this, there was a great desire to work and get ahead. That was the germ of the <strong>CASMAR GROUP<\/strong> that, after a few years of effort and hard work, allowed the move to the Pa\u00fales de Monz\u00f3n Industrial Estate in 1995.  <\/p>\t\t\t\t\t\t\t\t<\/div>\n\t\t\t\t<\/div>\n\t\t\t\t<\/div>\n\t\t<div class=\"elementor-element elementor-element-bd8da5b e-flex e-con-boxed e-con e-child\" data-id=\"bd8da5b\" data-element_type=\"container\" data-settings=\"{&quot;background_background&quot;:&quot;classic&quot;}\">\n\t\t\t\t\t<div class=\"e-con-inner\">\n\t\t\t\t\t<\/div>\n\t\t\t\t<\/div>\n\t\t\t\t<\/div>\n\t\t<div class=\"elementor-element elementor-element-2ff33df e-con-full e-flex e-con e-child\" data-id=\"2ff33df\" data-element_type=\"container\">\n\t\t<div class=\"elementor-element elementor-element-7523c05 e-flex e-con-boxed e-con e-child\" data-id=\"7523c05\" data-element_type=\"container\" data-settings=\"{&quot;background_background&quot;:&quot;classic&quot;}\">\n\t\t\t\t\t<div class=\"e-con-inner\">\n\t\t\t\t\t<\/div>\n\t\t\t\t<\/div>\n\t\t<div class=\"elementor-element elementor-element-e038aa7 e-con-full e-flex e-con e-child\" data-id=\"e038aa7\" data-element_type=\"container\">\n\t\t\t\t<div class=\"elementor-element elementor-element-ed429cc elementor-widget__width-initial elementor-widget elementor-widget-heading\" data-id=\"ed429cc\" data-element_type=\"widget\" data-widget_type=\"heading.default\">\n\t\t\t\t<div class=\"elementor-widget-container\">\n\t\t\t\t\t<h3 class=\"elementor-heading-title elementor-size-default\">A modern industrial estate that is almost integrated into the urban area<\/h3>\t\t\t\t<\/div>\n\t\t\t\t<\/div>\n\t\t\t\t<div class=\"elementor-element elementor-element-e3cb982 elementor-widget elementor-widget-text-editor\" data-id=\"e3cb982\" data-element_type=\"widget\" data-widget_type=\"text-editor.default\">\n\t\t\t\t<div class=\"elementor-widget-container\">\n\t\t\t\t\t\t\t\t\t<p>where <b>modern facilities<\/b> were built that, in the last 15 years, have been gradually expanded, providing the group with the appropriate infrastructure to house the advanced<b> tools and machinery necessary for assembly and welding work<\/b>. The new technologies applied to Engineering and Office Automation have been fully implemented, providing the Technical and Administrative Office with great potential. <\/p>\t\t\t\t\t\t\t\t<\/div>\n\t\t\t\t<\/div>\n\t\t\t\t<\/div>\n\t\t\t\t<\/div>\n\t\t<div class=\"elementor-element elementor-element-75ab242 e-flex e-con-boxed e-con e-child\" data-id=\"75ab242\" data-element_type=\"container\">\n\t\t\t\t\t<div class=\"e-con-inner\">\n\t\t<div class=\"elementor-element elementor-element-bc92bdc e-con-full e-flex e-con e-child\" data-id=\"bc92bdc\" data-element_type=\"container\">\n\t\t\t\t<div class=\"elementor-element elementor-element-34e7979 elementor-widget__width-initial elementor-widget elementor-widget-heading\" data-id=\"34e7979\" data-element_type=\"widget\" data-widget_type=\"heading.default\">\n\t\t\t\t<div class=\"elementor-widget-container\">\n\t\t\t\t\t<h3 class=\"elementor-heading-title elementor-size-default\">CAPACITY OF THE COMPANY AND WORKFORCE<\/h3>\t\t\t\t<\/div>\n\t\t\t\t<\/div>\n\t\t\t\t<div class=\"elementor-element elementor-element-b073aee elementor-widget__width-initial elementor-position-inline-start elementor-view-default elementor-mobile-position-block-start elementor-widget elementor-widget-icon-box\" data-id=\"b073aee\" data-element_type=\"widget\" data-widget_type=\"icon-box.default\">\n\t\t\t\t<div class=\"elementor-widget-container\">\n\t\t\t\t\t\t\t<div class=\"elementor-icon-box-wrapper\">\n\n\t\t\t\t\t\t<div class=\"elementor-icon-box-icon\">\n\t\t\t\t<span  class=\"elementor-icon\">\n\t\t\t\t<i aria-hidden=\"true\" class=\"fas fa-people-arrows\"><\/i>\t\t\t\t<\/span>\n\t\t\t<\/div>\n\t\t\t\n\t\t\t\t\t\t<div class=\"elementor-icon-box-content\">\n\n\t\t\t\t\t\t\t\t\t<h3 class=\"elementor-icon-box-title\">\n\t\t\t\t\t\t<span  >\n\t\t\t\t\t\t\tCASMAR GROUP has a workforce of approximately 100 workers. The team is made up of professionals with a strong technical profile: \t\t\t\t\t\t<\/span>\n\t\t\t\t\t<\/h3>\n\t\t\t\t\n\t\t\t\t\n\t\t\t<\/div>\n\t\t\t\n\t\t<\/div>\n\t\t\t\t\t\t<\/div>\n\t\t\t\t<\/div>\n\t\t<div class=\"elementor-element elementor-element-1a117b6 e-flex e-con-boxed e-con e-child\" data-id=\"1a117b6\" data-element_type=\"container\">\n\t\t\t\t\t<div class=\"e-con-inner\">\n\t\t<div class=\"elementor-element elementor-element-dcac885 e-con-full e-flex e-con e-child\" data-id=\"dcac885\" data-element_type=\"container\">\n\t\t<div class=\"elementor-element elementor-element-8666bc8 e-con-full e-flex e-con e-child\" data-id=\"8666bc8\" data-element_type=\"container\" data-settings=\"{&quot;background_background&quot;:&quot;classic&quot;}\">\n\t\t\t\t<div class=\"elementor-element elementor-element-af7065e elementor-widget elementor-widget-counter\" data-id=\"af7065e\" data-element_type=\"widget\" data-widget_type=\"counter.default\">\n\t\t\t\t<div class=\"elementor-widget-container\">\n\t\t\t\t\t\t\t<div class=\"elementor-counter\">\n\t\t\t<div class=\"elementor-counter-title\">YEARS<\/div>\t\t\t<div class=\"elementor-counter-number-wrapper\">\n\t\t\t\t<span class=\"elementor-counter-number-prefix\"><\/span>\n\t\t\t\t<span class=\"elementor-counter-number\" data-duration=\"2000\" data-to-value=\"40\" data-from-value=\"0\" data-delimiter=\".\">0<\/span>\n\t\t\t\t<span class=\"elementor-counter-number-suffix\"><span style=\"color: var( --e-global-color-secondary )\">+<\/span><\/span>\n\t\t\t<\/div>\n\t\t<\/div>\n\t\t\t\t\t\t<\/div>\n\t\t\t\t<\/div>\n\t\t\t\t<\/div>\n\t\t<div class=\"elementor-element elementor-element-89a2e34 e-con-full e-flex e-con e-child\" data-id=\"89a2e34\" data-element_type=\"container\" data-settings=\"{&quot;background_background&quot;:&quot;classic&quot;}\">\n\t\t\t\t<div class=\"elementor-element elementor-element-bedd233 elementor-widget elementor-widget-counter\" data-id=\"bedd233\" data-element_type=\"widget\" data-widget_type=\"counter.default\">\n\t\t\t\t<div class=\"elementor-widget-container\">\n\t\t\t\t\t\t\t<div class=\"elementor-counter\">\n\t\t\t<div class=\"elementor-counter-title\">WORKERS<\/div>\t\t\t<div class=\"elementor-counter-number-wrapper\">\n\t\t\t\t<span class=\"elementor-counter-number-prefix\"><\/span>\n\t\t\t\t<span class=\"elementor-counter-number\" data-duration=\"2000\" data-to-value=\"100\" data-from-value=\"0\" data-delimiter=\".\">0<\/span>\n\t\t\t\t<span class=\"elementor-counter-number-suffix\"><span style=\"color: var( --e-global-color-secondary )\">+<\/span><\/span>\n\t\t\t<\/div>\n\t\t<\/div>\n\t\t\t\t\t\t<\/div>\n\t\t\t\t<\/div>\n\t\t\t\t<\/div>\n\t\t\t\t<\/div>\n\t\t\t\t\t<\/div>\n\t\t\t\t<\/div>\n\t\t\t\t<\/div>\n\t\t<div class=\"elementor-element elementor-element-1ae6bcb e-con-full e-flex e-con e-child\" data-id=\"1ae6bcb\" data-element_type=\"container\" data-settings=\"{&quot;background_background&quot;:&quot;video&quot;}\">\n\t\t\t\t<div class=\"elementor-element elementor-element-855ddde elementor-widget elementor-widget-video\" data-id=\"855ddde\" data-element_type=\"widget\" data-settings=\"{&quot;video_type&quot;:&quot;hosted&quot;,&quot;controls&quot;:&quot;yes&quot;}\" data-widget_type=\"video.default\">\n\t\t\t\t<div class=\"elementor-widget-container\">\n\t\t\t\t\t\t\t<div class=\"e-hosted-video elementor-wrapper elementor-open-inline\">\n\t\t\t\t\t<video class=\"elementor-video\" src=\"https:\/\/grupocasmar.es\/wp-content\/uploads\/2024\/04\/casmar_video.mp4\" controls=\"\" preload=\"metadata\" controlsList=\"nodownload\"><\/video>\n\t\t\t\t<\/div>\n\t\t\t\t\t\t<\/div>\n\t\t\t\t<\/div>\n\t\t\t\t<\/div>\n\t\t\t\t\t<\/div>\n\t\t\t\t<\/div>\n\t\t\t\t<\/div>\n\t\t","protected":false},"excerpt":{"rendered":"<p>Casmar Group A brief summary for a great story. The CASMAR GROUP has located its facilities in the &#8220;PAULES&#8221; Industrial Estate in Monz\u00f3n (Huesca), plots 40, 41 and 42, where the workshops of Castill\u00f3n Mart\u00ednez, S.L. and MECIME, S.L. are located. On plot 70 of the same industrial estate is Talleres SOPENA S.A., and Talleres [&hellip;]<\/p>\n","protected":false},"author":1,"featured_media":0,"parent":0,"menu_order":0,"comment_status":"closed","ping_status":"closed","template":"","meta":{"_acf_changed":false,"site-sidebar-layout":"no-sidebar","site-content-layout":"page-builder","ast-site-content-layout":"full-width-container","site-content-style":"default","site-sidebar-style":"default","ast-global-header-display":"","ast-banner-title-visibility":"","ast-main-header-display":"","ast-hfb-above-header-display":"","ast-hfb-below-header-display":"","ast-hfb-mobile-header-display":"","site-post-title":"disabled","ast-breadcrumbs-content":"","ast-featured-img":"disabled","footer-sml-layout":"","ast-disable-related-posts":"","theme-transparent-header-meta":"default","adv-header-id-meta":"","stick-header-meta":"","header-above-stick-meta":"","header-main-stick-meta":"","header-below-stick-meta":"","astra-migrate-meta-layouts":"default","ast-page-background-enabled":"default","ast-page-background-meta":{"desktop":{"background-color":"var(--ast-global-color-4)","background-image":"","background-repeat":"repeat","background-position":"center center","background-size":"auto","background-attachment":"scroll","background-type":"","background-media":"","overlay-type":"","overlay-color":"","overlay-opacity":"","overlay-gradient":""},"tablet":{"background-color":"","background-image":"","background-repeat":"repeat","background-position":"center center","background-size":"auto","background-attachment":"scroll","background-type":"","background-media":"","overlay-type":"","overlay-color":"","overlay-opacity":"","overlay-gradient":""},"mobile":{"background-color":"","background-image":"","background-repeat":"repeat","background-position":"center center","background-size":"auto","background-attachment":"scroll","background-type":"","background-media":"","overlay-type":"","overlay-color":"","overlay-opacity":"","overlay-gradient":""}},"ast-content-background-meta":{"desktop":{"background-color":"var(--ast-global-color-5)","background-image":"","background-repeat":"repeat","background-position":"center center","background-size":"auto","background-attachment":"scroll","background-type":"","background-media":"","overlay-type":"","overlay-color":"","overlay-opacity":"","overlay-gradient":""},"tablet":{"background-color":"var(--ast-global-color-5)","background-image":"","background-repeat":"repeat","background-position":"center center","background-size":"auto","background-attachment":"scroll","background-type":"","background-media":"","overlay-type":"","overlay-color":"","overlay-opacity":"","overlay-gradient":""},"mobile":{"background-color":"var(--ast-global-color-5)","background-image":"","background-repeat":"repeat","background-position":"center center","background-size":"auto","background-attachment":"scroll","background-type":"","background-media":"","overlay-type":"","overlay-color":"","overlay-opacity":"","overlay-gradient":""}},"footnotes":""},"class_list":["post-2037","page","type-page","status-publish","hentry"],"acf":[],"yoast_head":"<!-- This site is optimized with the Yoast SEO plugin v26.7 - https:\/\/yoast.com\/wordpress\/plugins\/seo\/ -->\n<title>Group - Grupo Casmar<\/title>\n<meta name=\"robots\" content=\"index, follow, max-snippet:-1, max-image-preview:large, max-video-preview:-1\" \/>\n<link rel=\"canonical\" href=\"https:\/\/grupocasmar.es\/en\/group\/\" \/>\n<meta property=\"og:locale\" content=\"en_US\" \/>\n<meta property=\"og:type\" content=\"article\" \/>\n<meta property=\"og:title\" content=\"Group - Grupo Casmar\" \/>\n<meta property=\"og:description\" content=\"Casmar Group A brief summary for a great story. The CASMAR GROUP has located its facilities in the &#8220;PAULES&#8221; Industrial Estate in Monz\u00f3n (Huesca), plots 40, 41 and 42, where the workshops of Castill\u00f3n Mart\u00ednez, S.L. and MECIME, S.L. are located. On plot 70 of the same industrial estate is Talleres SOPENA S.A., and Talleres [&hellip;]\" \/>\n<meta property=\"og:url\" content=\"https:\/\/grupocasmar.es\/en\/group\/\" \/>\n<meta property=\"og:site_name\" content=\"Grupo Casmar\" \/>\n<meta property=\"article:modified_time\" content=\"2025-12-17T11:12:42+00:00\" \/>\n<meta name=\"twitter:card\" content=\"summary_large_image\" \/>\n<meta name=\"twitter:label1\" content=\"Est. reading time\" \/>\n\t<meta name=\"twitter:data1\" content=\"1 minute\" \/>\n<script type=\"application\/ld+json\" class=\"yoast-schema-graph\">{\"@context\":\"https:\/\/schema.org\",\"@graph\":[{\"@type\":\"WebPage\",\"@id\":\"https:\/\/grupocasmar.es\/en\/group\/\",\"url\":\"https:\/\/grupocasmar.es\/en\/group\/\",\"name\":\"Group - Grupo Casmar\",\"isPartOf\":{\"@id\":\"https:\/\/grupocasmar.es\/en\/#website\"},\"datePublished\":\"2024-03-22T11:07:13+00:00\",\"dateModified\":\"2025-12-17T11:12:42+00:00\",\"breadcrumb\":{\"@id\":\"https:\/\/grupocasmar.es\/en\/group\/#breadcrumb\"},\"inLanguage\":\"en-US\",\"potentialAction\":[{\"@type\":\"ReadAction\",\"target\":[\"https:\/\/grupocasmar.es\/en\/group\/\"]}]},{\"@type\":\"BreadcrumbList\",\"@id\":\"https:\/\/grupocasmar.es\/en\/group\/#breadcrumb\",\"itemListElement\":[{\"@type\":\"ListItem\",\"position\":1,\"name\":\"Home\",\"item\":\"https:\/\/grupocasmar.es\/en\/home\/\"},{\"@type\":\"ListItem\",\"position\":2,\"name\":\"Group\"}]},{\"@type\":\"WebSite\",\"@id\":\"https:\/\/grupocasmar.es\/en\/#website\",\"url\":\"https:\/\/grupocasmar.es\/en\/\",\"name\":\"Grupo Casmar\",\"description\":\"Grupo de empresas Casmar\",\"publisher\":{\"@id\":\"https:\/\/grupocasmar.es\/en\/#organization\"},\"potentialAction\":[{\"@type\":\"SearchAction\",\"target\":{\"@type\":\"EntryPoint\",\"urlTemplate\":\"https:\/\/grupocasmar.es\/en\/?s={search_term_string}\"},\"query-input\":{\"@type\":\"PropertyValueSpecification\",\"valueRequired\":true,\"valueName\":\"search_term_string\"}}],\"inLanguage\":\"en-US\"},{\"@type\":\"Organization\",\"@id\":\"https:\/\/grupocasmar.es\/en\/#organization\",\"name\":\"Grupo Casmar\",\"url\":\"https:\/\/grupocasmar.es\/en\/\",\"logo\":{\"@type\":\"ImageObject\",\"inLanguage\":\"en-US\",\"@id\":\"https:\/\/grupocasmar.es\/en\/#\/schema\/logo\/image\/\",\"url\":\"https:\/\/grupocasmar.es\/wp-content\/uploads\/2024\/03\/LOGO-CASMAR.svg\",\"contentUrl\":\"https:\/\/grupocasmar.es\/wp-content\/uploads\/2024\/03\/LOGO-CASMAR.svg\",\"width\":762,\"height\":160,\"caption\":\"Grupo Casmar\"},\"image\":{\"@id\":\"https:\/\/grupocasmar.es\/en\/#\/schema\/logo\/image\/\"}}]}<\/script>\n<!-- \/ Yoast SEO plugin. -->","yoast_head_json":{"title":"Group - Grupo Casmar","robots":{"index":"index","follow":"follow","max-snippet":"max-snippet:-1","max-image-preview":"max-image-preview:large","max-video-preview":"max-video-preview:-1"},"canonical":"https:\/\/grupocasmar.es\/en\/group\/","og_locale":"en_US","og_type":"article","og_title":"Group - Grupo Casmar","og_description":"Casmar Group A brief summary for a great story. The CASMAR GROUP has located its facilities in the &#8220;PAULES&#8221; Industrial Estate in Monz\u00f3n (Huesca), plots 40, 41 and 42, where the workshops of Castill\u00f3n Mart\u00ednez, S.L. and MECIME, S.L. are located. On plot 70 of the same industrial estate is Talleres SOPENA S.A., and Talleres [&hellip;]","og_url":"https:\/\/grupocasmar.es\/en\/group\/","og_site_name":"Grupo Casmar","article_modified_time":"2025-12-17T11:12:42+00:00","twitter_card":"summary_large_image","twitter_misc":{"Est. reading time":"1 minute"},"schema":{"@context":"https:\/\/schema.org","@graph":[{"@type":"WebPage","@id":"https:\/\/grupocasmar.es\/en\/group\/","url":"https:\/\/grupocasmar.es\/en\/group\/","name":"Group - Grupo Casmar","isPartOf":{"@id":"https:\/\/grupocasmar.es\/en\/#website"},"datePublished":"2024-03-22T11:07:13+00:00","dateModified":"2025-12-17T11:12:42+00:00","breadcrumb":{"@id":"https:\/\/grupocasmar.es\/en\/group\/#breadcrumb"},"inLanguage":"en-US","potentialAction":[{"@type":"ReadAction","target":["https:\/\/grupocasmar.es\/en\/group\/"]}]},{"@type":"BreadcrumbList","@id":"https:\/\/grupocasmar.es\/en\/group\/#breadcrumb","itemListElement":[{"@type":"ListItem","position":1,"name":"Home","item":"https:\/\/grupocasmar.es\/en\/home\/"},{"@type":"ListItem","position":2,"name":"Group"}]},{"@type":"WebSite","@id":"https:\/\/grupocasmar.es\/en\/#website","url":"https:\/\/grupocasmar.es\/en\/","name":"Grupo Casmar","description":"Grupo de empresas Casmar","publisher":{"@id":"https:\/\/grupocasmar.es\/en\/#organization"},"potentialAction":[{"@type":"SearchAction","target":{"@type":"EntryPoint","urlTemplate":"https:\/\/grupocasmar.es\/en\/?s={search_term_string}"},"query-input":{"@type":"PropertyValueSpecification","valueRequired":true,"valueName":"search_term_string"}}],"inLanguage":"en-US"},{"@type":"Organization","@id":"https:\/\/grupocasmar.es\/en\/#organization","name":"Grupo Casmar","url":"https:\/\/grupocasmar.es\/en\/","logo":{"@type":"ImageObject","inLanguage":"en-US","@id":"https:\/\/grupocasmar.es\/en\/#\/schema\/logo\/image\/","url":"https:\/\/grupocasmar.es\/wp-content\/uploads\/2024\/03\/LOGO-CASMAR.svg","contentUrl":"https:\/\/grupocasmar.es\/wp-content\/uploads\/2024\/03\/LOGO-CASMAR.svg","width":762,"height":160,"caption":"Grupo Casmar"},"image":{"@id":"https:\/\/grupocasmar.es\/en\/#\/schema\/logo\/image\/"}}]}},"_links":{"self":[{"href":"https:\/\/grupocasmar.es\/en\/wp-json\/wp\/v2\/pages\/2037","targetHints":{"allow":["GET"]}}],"collection":[{"href":"https:\/\/grupocasmar.es\/en\/wp-json\/wp\/v2\/pages"}],"about":[{"href":"https:\/\/grupocasmar.es\/en\/wp-json\/wp\/v2\/types\/page"}],"author":[{"embeddable":true,"href":"https:\/\/grupocasmar.es\/en\/wp-json\/wp\/v2\/users\/1"}],"replies":[{"embeddable":true,"href":"https:\/\/grupocasmar.es\/en\/wp-json\/wp\/v2\/comments?post=2037"}],"version-history":[{"count":1,"href":"https:\/\/grupocasmar.es\/en\/wp-json\/wp\/v2\/pages\/2037\/revisions"}],"predecessor-version":[{"id":2044,"href":"https:\/\/grupocasmar.es\/en\/wp-json\/wp\/v2\/pages\/2037\/revisions\/2044"}],"wp:attachment":[{"href":"https:\/\/grupocasmar.es\/en\/wp-json\/wp\/v2\/media?parent=2037"}],"curies":[{"name":"wp","href":"https:\/\/api.w.org\/{rel}","templated":true}]}}